{"id":500,"date":"2020-01-13T11:20:16","date_gmt":"2020-01-13T13:20:16","guid":{"rendered":"http:\/\/dryko.com.br\/?page_id=500"},"modified":"2020-05-16T16:10:17","modified_gmt":"2020-05-16T19:10:17","slug":"dryko","status":"publish","type":"page","link":"https:\/\/teste.dryko.com.br\/es\/dryko\/","title":{"rendered":"A Dryko"},"content":{"rendered":"\n<p><em>Con instalaciones nuevas, m\u00e1s modernas y actuales, DRYKO IMPERMEABILIZANTES ha ampliado su capacidad de producci\u00f3n y mejorado sus procesos de calidad, lo que le permite ofrecer al mercado una l\u00ednea de productos con una excelente relaci\u00f3n costo-beneficio.<\/em><\/p>\n\n\n\n<p><em>Operando desde 1999, DRYKO IMPERMEABILIZANTES est\u00e1 presente en numerosos trabajos de varios tama\u00f1os, sirviendo a peque\u00f1as empresas a grandes constructoras en todo Brasil debido a la flexibilidad, agilidad, capacidad de producci\u00f3n y asociaciones s\u00f3lidas que se han consolidado a lo largo de los a\u00f1os.<\/em><\/p>\n\n\n\n<p><em>Adem\u00e1s de una colecci\u00f3n t\u00e9cnica especializada, toda la producci\u00f3n de DRYKO IMPERMEABILIZANTES sigue procesos de producci\u00f3n certificados por los organismos nacionales e internacionales m\u00e1s rigurosos, asegurando la calidad y la excelencia del producto final.<\/em><\/p>\n\n\n\n<p><em>Los departamentos de log\u00edstica y distribuci\u00f3n diferenciados permiten que DRYKO IMPERMEABILIZANTES entregue a tiempo.<\/em><\/p>\n\n\n\n<p><em>Con una amplia visi\u00f3n del futuro, DRYKO IMPERMEABILIZANTES trabaja respetando los entornos sociales y ambientales, y siempre atento a todo lo nuevo en el segmento. Este enfoque en el ma\u00f1ana, junto con su propuesta basada en la calidad, la agilidad, la flexibilidad y el servicio especializado, hace de la empresa una de las industrias de impermeabilizaci\u00f3n m\u00e1s grandes de Brasil.<\/em><\/p>\n\n\n\n<p><\/p>\n","protected":false},"excerpt":{"rendered":"<p>Con instalaciones nuevas, m\u00e1s modernas y actuales, DRYKO IMPERMEABILIZANTES ha ampliado su capacidad de producci\u00f3n y mejorado sus procesos de calidad, lo que le permite ofrecer al mercado una l\u00ednea de productos con una excelente relaci\u00f3n costo-beneficio. Operando desde 1999, DRYKO IMPERMEABILIZANTES est\u00e1 presente en numerosos trabajos de varios tama\u00f1os, sirviendo a peque\u00f1as empresas a &hellip; <a href=\"https:\/\/teste.dryko.com.br\/es\/dryko\/\">Continued<\/a><\/p>\n","protected":false},"author":6,"featured_media":0,"parent":0,"menu_order":0,"comment_status":"closed","ping_status":"closed","template":"views\/template-dryko.blade.php","meta":{"footnotes":""},"class_list":["post-500","page","type-page","status-publish","hentry"],"yoast_head":"<!-- This site is optimized with the Yoast SEO plugin v27.2 - https:\/\/yoast.com\/product\/yoast-seo-wordpress\/ -->\n<title>A Dryko - Dryko<\/title>\n<meta name=\"robots\" content=\"index, follow, max-snippet:-1, max-image-preview:large, max-video-preview:-1\" \/>\n<link rel=\"canonical\" href=\"https:\/\/teste.dryko.com.br\/es\/dryko\/\" \/>\n<meta property=\"og:locale\" content=\"es_ES\" \/>\n<meta property=\"og:type\" content=\"article\" \/>\n<meta property=\"og:title\" content=\"A Dryko - Dryko\" \/>\n<meta property=\"og:description\" content=\"Con instalaciones nuevas, m\u00e1s modernas y actuales, DRYKO IMPERMEABILIZANTES ha ampliado su capacidad de producci\u00f3n y mejorado sus procesos de calidad, lo que le permite ofrecer al mercado una l\u00ednea de productos con una excelente relaci\u00f3n costo-beneficio. Operando desde 1999, DRYKO IMPERMEABILIZANTES est\u00e1 presente en numerosos trabajos de varios tama\u00f1os, sirviendo a peque\u00f1as empresas a &hellip; Continued\" \/>\n<meta property=\"og:url\" content=\"https:\/\/teste.dryko.com.br\/es\/dryko\/\" \/>\n<meta property=\"og:site_name\" content=\"Dryko\" \/>\n<meta property=\"article:publisher\" content=\"https:\/\/www.facebook.com\/DrykoImpermeabilizantes\" \/>\n<meta property=\"article:modified_time\" content=\"2020-05-16T19:10:17+00:00\" \/>\n<meta name=\"twitter:card\" content=\"summary_large_image\" \/>\n<meta name=\"twitter:label1\" content=\"Tiempo de lectura\" \/>\n\t<meta name=\"twitter:data1\" content=\"1 minuto\" \/>\n<script type=\"application\/ld+json\" class=\"yoast-schema-graph\">{\"@context\":\"https:\/\/schema.org\",\"@graph\":[{\"@type\":\"WebPage\",\"@id\":\"https:\/\/teste.dryko.com.br\/es\/dryko\/\",\"url\":\"https:\/\/teste.dryko.com.br\/es\/dryko\/\",\"name\":\"A Dryko - Dryko\",\"isPartOf\":{\"@id\":\"https:\/\/teste.dryko.com.br\/#website\"},\"datePublished\":\"2020-01-13T13:20:16+00:00\",\"dateModified\":\"2020-05-16T19:10:17+00:00\",\"breadcrumb\":{\"@id\":\"https:\/\/teste.dryko.com.br\/es\/dryko\/#breadcrumb\"},\"inLanguage\":\"es\",\"potentialAction\":[{\"@type\":\"ReadAction\",\"target\":[\"https:\/\/teste.dryko.com.br\/es\/dryko\/\"]}]},{\"@type\":\"BreadcrumbList\",\"@id\":\"https:\/\/teste.dryko.com.br\/es\/dryko\/#breadcrumb\",\"itemListElement\":[{\"@type\":\"ListItem\",\"position\":1,\"name\":\"In\u00edcio\",\"item\":\"https:\/\/teste.dryko.com.br\/es\/\"},{\"@type\":\"ListItem\",\"position\":2,\"name\":\"A Dryko\"}]},{\"@type\":\"WebSite\",\"@id\":\"https:\/\/teste.dryko.com.br\/#website\",\"url\":\"https:\/\/teste.dryko.com.br\/\",\"name\":\"Dryko\",\"description\":\"\",\"publisher\":{\"@id\":\"https:\/\/teste.dryko.com.br\/#organization\"},\"potentialAction\":[{\"@type\":\"SearchAction\",\"target\":{\"@type\":\"EntryPoint\",\"urlTemplate\":\"https:\/\/teste.dryko.com.br\/?s={search_term_string}\"},\"query-input\":{\"@type\":\"PropertyValueSpecification\",\"valueRequired\":true,\"valueName\":\"search_term_string\"}}],\"inLanguage\":\"es\"},{\"@type\":\"Organization\",\"@id\":\"https:\/\/teste.dryko.com.br\/#organization\",\"name\":\"Dryko Impermeabilizantes\",\"url\":\"https:\/\/teste.dryko.com.br\/\",\"logo\":{\"@type\":\"ImageObject\",\"inLanguage\":\"es\",\"@id\":\"https:\/\/teste.dryko.com.br\/#\/schema\/logo\/image\/\",\"url\":\"https:\/\/teste.dryko.com.br\/wp-content\/uploads\/2020\/04\/Dryko-logo-.png\",\"contentUrl\":\"https:\/\/teste.dryko.com.br\/wp-content\/uploads\/2020\/04\/Dryko-logo-.png\",\"width\":487,\"height\":487,\"caption\":\"Dryko Impermeabilizantes\"},\"image\":{\"@id\":\"https:\/\/teste.dryko.com.br\/#\/schema\/logo\/image\/\"},\"sameAs\":[\"https:\/\/www.facebook.com\/DrykoImpermeabilizantes\",\"https:\/\/www.instagram.com\/drykoimpermeabilizantes\/\",\"https:\/\/www.linkedin.com\/company\/dryko-impermeabilizantes\",\"https:\/\/www.youtube.com\/channel\/UCpr0avI1wBHs1vFtrhbAikQ\"]}]}<\/script>\n<!-- \/ Yoast SEO plugin. -->","yoast_head_json":{"title":"A Dryko - Dryko","robots":{"index":"index","follow":"follow","max-snippet":"max-snippet:-1","max-image-preview":"max-image-preview:large","max-video-preview":"max-video-preview:-1"},"canonical":"https:\/\/teste.dryko.com.br\/es\/dryko\/","og_locale":"es_ES","og_type":"article","og_title":"A Dryko - Dryko","og_description":"Con instalaciones nuevas, m\u00e1s modernas y actuales, DRYKO IMPERMEABILIZANTES ha ampliado su capacidad de producci\u00f3n y mejorado sus procesos de calidad, lo que le permite ofrecer al mercado una l\u00ednea de productos con una excelente relaci\u00f3n costo-beneficio. Operando desde 1999, DRYKO IMPERMEABILIZANTES est\u00e1 presente en numerosos trabajos de varios tama\u00f1os, sirviendo a peque\u00f1as empresas a &hellip; Continued","og_url":"https:\/\/teste.dryko.com.br\/es\/dryko\/","og_site_name":"Dryko","article_publisher":"https:\/\/www.facebook.com\/DrykoImpermeabilizantes","article_modified_time":"2020-05-16T19:10:17+00:00","twitter_card":"summary_large_image","twitter_misc":{"Tiempo de lectura":"1 minuto"},"schema":{"@context":"https:\/\/schema.org","@graph":[{"@type":"WebPage","@id":"https:\/\/teste.dryko.com.br\/es\/dryko\/","url":"https:\/\/teste.dryko.com.br\/es\/dryko\/","name":"A Dryko - Dryko","isPartOf":{"@id":"https:\/\/teste.dryko.com.br\/#website"},"datePublished":"2020-01-13T13:20:16+00:00","dateModified":"2020-05-16T19:10:17+00:00","breadcrumb":{"@id":"https:\/\/teste.dryko.com.br\/es\/dryko\/#breadcrumb"},"inLanguage":"es","potentialAction":[{"@type":"ReadAction","target":["https:\/\/teste.dryko.com.br\/es\/dryko\/"]}]},{"@type":"BreadcrumbList","@id":"https:\/\/teste.dryko.com.br\/es\/dryko\/#breadcrumb","itemListElement":[{"@type":"ListItem","position":1,"name":"In\u00edcio","item":"https:\/\/teste.dryko.com.br\/es\/"},{"@type":"ListItem","position":2,"name":"A Dryko"}]},{"@type":"WebSite","@id":"https:\/\/teste.dryko.com.br\/#website","url":"https:\/\/teste.dryko.com.br\/","name":"Dryko","description":"","publisher":{"@id":"https:\/\/teste.dryko.com.br\/#organization"},"potentialAction":[{"@type":"SearchAction","target":{"@type":"EntryPoint","urlTemplate":"https:\/\/teste.dryko.com.br\/?s={search_term_string}"},"query-input":{"@type":"PropertyValueSpecification","valueRequired":true,"valueName":"search_term_string"}}],"inLanguage":"es"},{"@type":"Organization","@id":"https:\/\/teste.dryko.com.br\/#organization","name":"Dryko Impermeabilizantes","url":"https:\/\/teste.dryko.com.br\/","logo":{"@type":"ImageObject","inLanguage":"es","@id":"https:\/\/teste.dryko.com.br\/#\/schema\/logo\/image\/","url":"https:\/\/teste.dryko.com.br\/wp-content\/uploads\/2020\/04\/Dryko-logo-.png","contentUrl":"https:\/\/teste.dryko.com.br\/wp-content\/uploads\/2020\/04\/Dryko-logo-.png","width":487,"height":487,"caption":"Dryko Impermeabilizantes"},"image":{"@id":"https:\/\/teste.dryko.com.br\/#\/schema\/logo\/image\/"},"sameAs":["https:\/\/www.facebook.com\/DrykoImpermeabilizantes","https:\/\/www.instagram.com\/drykoimpermeabilizantes\/","https:\/\/www.linkedin.com\/company\/dryko-impermeabilizantes","https:\/\/www.youtube.com\/channel\/UCpr0avI1wBHs1vFtrhbAikQ"]}]}},"_links":{"self":[{"href":"https:\/\/teste.dryko.com.br\/es\/wp-json\/wp\/v2\/pages\/500","targetHints":{"allow":["GET"]}}],"collection":[{"href":"https:\/\/teste.dryko.com.br\/es\/wp-json\/wp\/v2\/pages"}],"about":[{"href":"https:\/\/teste.dryko.com.br\/es\/wp-json\/wp\/v2\/types\/page"}],"author":[{"embeddable":true,"href":"https:\/\/teste.dryko.com.br\/es\/wp-json\/wp\/v2\/users\/6"}],"replies":[{"embeddable":true,"href":"https:\/\/teste.dryko.com.br\/es\/wp-json\/wp\/v2\/comments?post=500"}],"version-history":[{"count":13,"href":"https:\/\/teste.dryko.com.br\/es\/wp-json\/wp\/v2\/pages\/500\/revisions"}],"predecessor-version":[{"id":1693,"href":"https:\/\/teste.dryko.com.br\/es\/wp-json\/wp\/v2\/pages\/500\/revisions\/1693"}],"wp:attachment":[{"href":"https:\/\/teste.dryko.com.br\/es\/wp-json\/wp\/v2\/media?parent=500"}],"curies":[{"name":"wp","href":"https:\/\/api.w.org\/{rel}","templated":true}]}}